{"id":224,"date":"2012-10-15T18:33:13","date_gmt":"2012-10-15T18:33:13","guid":{"rendered":"http:\/\/smartit.webtemplatemasters.com\/?page_id=224"},"modified":"2015-09-30T00:03:25","modified_gmt":"2015-09-30T00:03:25","slug":"services","status":"publish","type":"page","link":"https:\/\/www.trevisamonitoramento.com.br\/?page_id=224","title":{"rendered":"Services"},"content":{"rendered":"<h3 class=\"section-title\" style=\"text-align: none; line-height: auto;\"> Nossos Servi\u00e7os<\/h3>\n<h5 class=\"section-title\" style=\"text-align: none; line-height: auto;color: #FE5214; \">  -  Seu patrim\u00f4nio seguro de verdade  -  <\/h5>\n<p><div class=\"sixcol\"><br \/>\n<h6>Monitoramento<\/h6><p><img alt=\"\" src=\"https:\/\/www.trevisamonitoramento.com.br\/site\/wp-content\/uploads\/2012\/10\/monieletro_icone.png\" class=\"icon\"><\/p>\n<p style=\"text-align: left;\">Nossa Central de Monitoramento \u00e9 equipada com os mais avan\u00e7ados aparelhos receptores.Al\u00e9m disso, nossa equipe \u00e9 respons\u00e1vel pelo acompanhamento das atividades dos alarmes monitorados 24 horas, acompanhando o status de ativa\u00e7\u00e3o, desativa\u00e7\u00e3o, falhas el\u00e9tricas, baterias baixas, captura de imagens do sistema e muito mais de acordo com o contratado..<\/p>\n<p style=\"text-align: left;\">E para oferecer sempre o melhor atendimento, contamos com viaturas de apoio (prontaresposta) operadas por profissionais preparados para agir com rapidez e seguran\u00e7a, realizando tamb\u00e9m pequenos reparos no sistema, quando necess\u00e1rio.<br \/>\nNosso atendimento \u00e9 realizado por profissionais treinados e capacitados, a fim de garantir a sua seguran\u00e7a e tranquilidade, porque PROTEGER e MONITORAR \u00e9 o NOSSO TRABALHO.<\/p>\n<p><\/p><\/p>\n<p><\/div><div class=\"sixcol last\"><\/p>\n<h6>Vigil\u00e2ncia Motorizada<\/h6><p><img alt=\"\" src=\"https:\/\/www.trevisamonitoramento.com.br\/site\/wp-content\/uploads\/2012\/10\/vigimoto_icone.png\" class=\"icon\"><\/p>\n<p style=\"text-align: left;\">Frente a cada nova pr\u00e1tica criminosa aplicada pelos marginais, os respons\u00e1veis por gerir a seguran\u00e7a p\u00fablica e privada buscam alternativas para coibi-la. Em condom\u00ednios, resid\u00eancias e com\u00e9rcios, o maior temor \u00e9 a invas\u00e3o, onde os assaltantes imobilizam os funcion\u00e1rios e roubam, levando p\u00e2nico a seus clientes e moradores.<\/p>\n<p style=\"text-align: left;\">Como alternativa para condom\u00ednios, resid\u00eancias e com\u00e9rcio que n\u00e3o possuem vigilantes durante a noite, A Trevis\u00e3 Seguran\u00e7a e Monitoramento 24 horas oferece um servi\u00e7o de vigil\u00e2ncia patrimonial preventiva com unidade volante.<\/p>\n<p><\/p>\n<p><\/div><div class=\"clear\"><\/div><div class=\"sixcol\"><br \/>\n<h6>Cercas El\u00e9tricas<\/h6><p><img alt=\"\" src=\"https:\/\/www.trevisamonitoramento.com.br\/site\/wp-content\/uploads\/2012\/10\/cercaeletrica_icone.png\" class=\"icon\"><\/p>\n<p style=\"text-align: left;\">Realizamos a eletrifica\u00e7\u00e3o de cercas em muros e alambrados, instalando-as tanto em resid\u00eancias, quanto em condom\u00ednios e empresas.<br \/>\nConte com a prote\u00e7\u00e3o eficaz de cercas el\u00e9tricas perimetrais com choque pulsante de 10.000 volts com baixa amperagem.<br \/>\nAt\u00e9 1200m de fio;<br \/>\nPot\u00eancia nominal consumida: 5W (3,5 Kwh\/m\u00eas);<br \/>\nTens\u00e3o de sa\u00edda: 8000 Volts.\n<\/p>\n<p style=\"text-align: left;\">\n<strong>Hastes para Cercas El\u00e9tricas<\/strong><br \/>\nHastes de alum\u00ednio de alta qualidade;<br \/>\nHastes com pintura eletrost\u00e1tica;<br \/>\nHaste de 75 cm e 85 cm com 04 isoladores e 1 Metro com 06 isoladores.\n<\/p>\n<p><\/p><\/p>\n<p><\/div><\/p>\n<div class=\"sixcol last\"><br \/>\n<h6>CFTV (Circuito Fechado de Televis\u00e3o)<\/h6><p><img alt=\"\" src=\"https:\/\/www.trevisamonitoramento.com.br\/site\/wp-content\/uploads\/2012\/10\/cftv_icone.png\" class=\"icon\"><\/p>\n<p style=\"text-align: left;\">O registro e a visualiza\u00e7\u00e3o de pontos estrat\u00e9gicos das C\u00e2meras ampliam a seguran\u00e7a da suaresid\u00eancia, empresa e condom\u00ednio, pois permite reconhecimentos e registra o fato como ocorreu, valendo at\u00e9 como prova criminal. Muitas s\u00e3o as vantagens do Circuito Fechado de Televis\u00e3o (CFTV).<\/p>\n<p style=\"text-align: left;\">O CFTV \/ c\u00e2meras de seguran\u00e7a permitem visualizar, monitorar e gravar imagens de diversos ambientes ao mesmo tempo e de qualquer parte do mundo;H\u00e1 tamb\u00e9m o fator psicol\u00f3gico de dissuas\u00e3o, pois o \u201cinvasor\u201d sabe que est\u00e1 sendo vigiado e suas imagens armazenadas pelas c\u00e2meras de seguran\u00e7a.<\/p>\n<p><\/p><\/p>\n<p><\/div><div class=\"clear\"><\/div>\n<hr>\n","protected":false},"excerpt":{"rendered":"","protected":false},"author":2,"featured_media":0,"parent":14,"menu_order":0,"comment_status":"open","ping_status":"open","template":"","meta":[],"_links":{"self":[{"href":"https:\/\/www.trevisamonitoramento.com.br\/index.php?rest_route=\/wp\/v2\/pages\/224"}],"collection":[{"href":"https:\/\/www.trevisamonitoramento.com.br\/index.php?rest_route=\/wp\/v2\/pages"}],"about":[{"href":"https:\/\/www.trevisamonitoramento.com.br\/index.php?rest_route=\/wp\/v2\/types\/page"}],"author":[{"embeddable":true,"href":"https:\/\/www.trevisamonitoramento.com.br\/index.php?rest_route=\/wp\/v2\/users\/2"}],"replies":[{"embeddable":true,"href":"https:\/\/www.trevisamonitoramento.com.br\/index.php?rest_route=%2Fwp%2Fv2%2Fcomments&post=224"}],"version-history":[{"count":5,"href":"https:\/\/www.trevisamonitoramento.com.br\/index.php?rest_route=\/wp\/v2\/pages\/224\/revisions"}],"predecessor-version":[{"id":479,"href":"https:\/\/www.trevisamonitoramento.com.br\/index.php?rest_route=\/wp\/v2\/pages\/224\/revisions\/479"}],"up":[{"embeddable":true,"href":"https:\/\/www.trevisamonitoramento.com.br\/index.php?rest_route=\/wp\/v2\/pages\/14"}],"wp:attachment":[{"href":"https:\/\/www.trevisamonitoramento.com.br\/index.php?rest_route=%2Fwp%2Fv2%2Fmedia&parent=224"}],"curies":[{"name":"wp","href":"https:\/\/api.w.org\/{rel}","templated":true}]}}